{"id":123,"date":"2024-04-18T12:57:17","date_gmt":"2024-04-18T12:57:17","guid":{"rendered":"https:\/\/bc4.ai\/?page_id=123"},"modified":"2024-06-01T08:15:09","modified_gmt":"2024-06-01T08:15:09","slug":"impressum","status":"publish","type":"page","link":"https:\/\/bc4.ai\/en\/impressum\/","title":{"rendered":"Imprint"},"content":{"rendered":"<h5 class=\"wp-block-heading\"><strong>bc.ai business-consulting UG (haftungsbeschr\u00e4nkt)<\/strong><\/h5>\n\n\n\n<p>Hehn 212a, 41069 M\u00f6nchengladbach<\/p>\n\n\n\n<p><a href=\"mailto:contact@business-consulting.ai\">contact@business-consulting.ai<\/a><\/p>\n\n\n\n<p><strong>Gesch\u00e4ftsf\u00fchrer:<\/strong> Prof. Dr. R\u00fcdiger Buchkremer, Dr. Daniel H\u00fcsson<\/p>\n\n\n\n<p><strong>Sitz der Gesellschaft:<\/strong> M\u00f6nchengladbach<\/p>\n\n\n\n<p><strong>Handelsregister:<\/strong> HRB 22241 Amtsgericht M\u00f6nchengladbach<\/p>","protected":false},"excerpt":{"rendered":"<p>bc.ai business-consulting UG (haftungsbeschr\u00e4nkt) Hehn 212a, 41069 M\u00f6nchengladbach contact@business-consulting.ai Gesch\u00e4ftsf\u00fchrer: Prof. Dr. R\u00fcdiger Buchkremer, Dr. Daniel H\u00fcsson Sitz der Gesellschaft: M\u00f6nchengladbach Handelsregister: HRB 22241 Amtsgericht M\u00f6nchengladbach<\/p>","protected":false},"author":1,"featured_media":0,"parent":0,"menu_order":0,"comment_status":"closed","ping_status":"closed","template":"wp-custom-template-custom-template","meta":{"_gspb_post_css":"","footnotes":""},"class_list":["post-123","page","type-page","status-publish","hentry"],"blocksy_meta":[],"yoast_head":"<!-- This site is optimized with the Yoast SEO plugin v27.3 - https:\/\/yoast.com\/product\/yoast-seo-wordpress\/ -->\n<title>Impressum - bc\u2074ai<\/title>\n<meta name=\"robots\" content=\"index, follow, max-snippet:-1, max-image-preview:large, max-video-preview:-1\" \/>\n<link rel=\"canonical\" href=\"https:\/\/bc4.ai\/en\/impressum\/\" \/>\n<meta property=\"og:locale\" content=\"en_US\" \/>\n<meta property=\"og:type\" content=\"article\" \/>\n<meta property=\"og:title\" content=\"Impressum - bc\u2074ai\" \/>\n<meta property=\"og:description\" content=\"bc.ai business-consulting UG (haftungsbeschr\u00e4nkt) Hehn 212a, 41069 M\u00f6nchengladbach contact@business-consulting.ai Gesch\u00e4ftsf\u00fchrer: Prof. Dr. R\u00fcdiger Buchkremer, Dr. Daniel H\u00fcsson Sitz der Gesellschaft: M\u00f6nchengladbach Handelsregister: HRB 22241 Amtsgericht M\u00f6nchengladbach\" \/>\n<meta property=\"og:url\" content=\"https:\/\/bc4.ai\/en\/impressum\/\" \/>\n<meta property=\"og:site_name\" content=\"bc\u2074ai\" \/>\n<meta property=\"article:modified_time\" content=\"2024-06-01T08:15:09+00:00\" \/>\n<meta name=\"twitter:card\" content=\"summary_large_image\" \/>\n<script type=\"application\/ld+json\" class=\"yoast-schema-graph\">{\"@context\":\"https:\\\/\\\/schema.org\",\"@graph\":[{\"@type\":\"WebPage\",\"@id\":\"https:\\\/\\\/bc4.ai\\\/impressum\\\/\",\"url\":\"https:\\\/\\\/bc4.ai\\\/impressum\\\/\",\"name\":\"Impressum - bc\u2074ai\",\"isPartOf\":{\"@id\":\"https:\\\/\\\/bc4.ai\\\/#website\"},\"datePublished\":\"2024-04-18T12:57:17+00:00\",\"dateModified\":\"2024-06-01T08:15:09+00:00\",\"breadcrumb\":{\"@id\":\"https:\\\/\\\/bc4.ai\\\/impressum\\\/#breadcrumb\"},\"inLanguage\":\"en-US\",\"potentialAction\":[{\"@type\":\"ReadAction\",\"target\":[\"https:\\\/\\\/bc4.ai\\\/impressum\\\/\"]}]},{\"@type\":\"BreadcrumbList\",\"@id\":\"https:\\\/\\\/bc4.ai\\\/impressum\\\/#breadcrumb\",\"itemListElement\":[{\"@type\":\"ListItem\",\"position\":1,\"name\":\"Home\",\"item\":\"https:\\\/\\\/bc4.ai\\\/\"},{\"@type\":\"ListItem\",\"position\":2,\"name\":\"Impressum\"}]},{\"@type\":\"WebSite\",\"@id\":\"https:\\\/\\\/bc4.ai\\\/#website\",\"url\":\"https:\\\/\\\/bc4.ai\\\/\",\"name\":\"bc\u2074ai\",\"description\":\"Business-Consulting 4 AI\",\"publisher\":{\"@id\":\"https:\\\/\\\/bc4.ai\\\/#organization\"},\"potentialAction\":[{\"@type\":\"SearchAction\",\"target\":{\"@type\":\"EntryPoint\",\"urlTemplate\":\"https:\\\/\\\/bc4.ai\\\/?s={search_term_string}\"},\"query-input\":{\"@type\":\"PropertyValueSpecification\",\"valueRequired\":true,\"valueName\":\"search_term_string\"}}],\"inLanguage\":\"en-US\"},{\"@type\":\"Organization\",\"@id\":\"https:\\\/\\\/bc4.ai\\\/#organization\",\"name\":\"bc\u2074ai\",\"url\":\"https:\\\/\\\/bc4.ai\\\/\",\"logo\":{\"@type\":\"ImageObject\",\"inLanguage\":\"en-US\",\"@id\":\"https:\\\/\\\/bc4.ai\\\/#\\\/schema\\\/logo\\\/image\\\/\",\"url\":\"https:\\\/\\\/bc4.ai\\\/wp-content\\\/uploads\\\/2024\\\/04\\\/962CBE5F-A5D0-4C04-8A2A-CF2A0CA2DBB3.png\",\"contentUrl\":\"https:\\\/\\\/bc4.ai\\\/wp-content\\\/uploads\\\/2024\\\/04\\\/962CBE5F-A5D0-4C04-8A2A-CF2A0CA2DBB3.png\",\"width\":3470,\"height\":3457,\"caption\":\"bc\u2074ai\"},\"image\":{\"@id\":\"https:\\\/\\\/bc4.ai\\\/#\\\/schema\\\/logo\\\/image\\\/\"},\"sameAs\":[\"https:\\\/\\\/www.linkedin.com\\\/company\\\/bc-ai-business-consulting\\\/about\\\/\"]}]}<\/script>\n<!-- \/ Yoast SEO plugin. -->","yoast_head_json":{"title":"Impressum - bc\u2074ai","robots":{"index":"index","follow":"follow","max-snippet":"max-snippet:-1","max-image-preview":"max-image-preview:large","max-video-preview":"max-video-preview:-1"},"canonical":"https:\/\/bc4.ai\/en\/impressum\/","og_locale":"en_US","og_type":"article","og_title":"Impressum - bc\u2074ai","og_description":"bc.ai business-consulting UG (haftungsbeschr\u00e4nkt) Hehn 212a, 41069 M\u00f6nchengladbach contact@business-consulting.ai Gesch\u00e4ftsf\u00fchrer: Prof. Dr. R\u00fcdiger Buchkremer, Dr. Daniel H\u00fcsson Sitz der Gesellschaft: M\u00f6nchengladbach Handelsregister: HRB 22241 Amtsgericht M\u00f6nchengladbach","og_url":"https:\/\/bc4.ai\/en\/impressum\/","og_site_name":"bc\u2074ai","article_modified_time":"2024-06-01T08:15:09+00:00","twitter_card":"summary_large_image","schema":{"@context":"https:\/\/schema.org","@graph":[{"@type":"WebPage","@id":"https:\/\/bc4.ai\/impressum\/","url":"https:\/\/bc4.ai\/impressum\/","name":"Impressum - bc\u2074ai","isPartOf":{"@id":"https:\/\/bc4.ai\/#website"},"datePublished":"2024-04-18T12:57:17+00:00","dateModified":"2024-06-01T08:15:09+00:00","breadcrumb":{"@id":"https:\/\/bc4.ai\/impressum\/#breadcrumb"},"inLanguage":"en-US","potentialAction":[{"@type":"ReadAction","target":["https:\/\/bc4.ai\/impressum\/"]}]},{"@type":"BreadcrumbList","@id":"https:\/\/bc4.ai\/impressum\/#breadcrumb","itemListElement":[{"@type":"ListItem","position":1,"name":"Home","item":"https:\/\/bc4.ai\/"},{"@type":"ListItem","position":2,"name":"Impressum"}]},{"@type":"WebSite","@id":"https:\/\/bc4.ai\/#website","url":"https:\/\/bc4.ai\/","name":"bc\u2074ai","description":"Business-Consulting 4 AI","publisher":{"@id":"https:\/\/bc4.ai\/#organization"},"potentialAction":[{"@type":"SearchAction","target":{"@type":"EntryPoint","urlTemplate":"https:\/\/bc4.ai\/?s={search_term_string}"},"query-input":{"@type":"PropertyValueSpecification","valueRequired":true,"valueName":"search_term_string"}}],"inLanguage":"en-US"},{"@type":"Organization","@id":"https:\/\/bc4.ai\/#organization","name":"bc\u2074ai","url":"https:\/\/bc4.ai\/","logo":{"@type":"ImageObject","inLanguage":"en-US","@id":"https:\/\/bc4.ai\/#\/schema\/logo\/image\/","url":"https:\/\/bc4.ai\/wp-content\/uploads\/2024\/04\/962CBE5F-A5D0-4C04-8A2A-CF2A0CA2DBB3.png","contentUrl":"https:\/\/bc4.ai\/wp-content\/uploads\/2024\/04\/962CBE5F-A5D0-4C04-8A2A-CF2A0CA2DBB3.png","width":3470,"height":3457,"caption":"bc\u2074ai"},"image":{"@id":"https:\/\/bc4.ai\/#\/schema\/logo\/image\/"},"sameAs":["https:\/\/www.linkedin.com\/company\/bc-ai-business-consulting\/about\/"]}]}},"_links":{"self":[{"href":"https:\/\/bc4.ai\/en\/wp-json\/wp\/v2\/pages\/123","targetHints":{"allow":["GET"]}}],"collection":[{"href":"https:\/\/bc4.ai\/en\/wp-json\/wp\/v2\/pages"}],"about":[{"href":"https:\/\/bc4.ai\/en\/wp-json\/wp\/v2\/types\/page"}],"author":[{"embeddable":true,"href":"https:\/\/bc4.ai\/en\/wp-json\/wp\/v2\/users\/1"}],"replies":[{"embeddable":true,"href":"https:\/\/bc4.ai\/en\/wp-json\/wp\/v2\/comments?post=123"}],"version-history":[{"count":3,"href":"https:\/\/bc4.ai\/en\/wp-json\/wp\/v2\/pages\/123\/revisions"}],"predecessor-version":[{"id":288,"href":"https:\/\/bc4.ai\/en\/wp-json\/wp\/v2\/pages\/123\/revisions\/288"}],"wp:attachment":[{"href":"https:\/\/bc4.ai\/en\/wp-json\/wp\/v2\/media?parent=123"}],"curies":[{"name":"wp","href":"https:\/\/api.w.org\/{rel}","templated":true}]}}