{"id":36,"date":"2024-04-12T17:07:24","date_gmt":"2024-04-12T17:07:24","guid":{"rendered":"https:\/\/bc4.ai\/?page_id=36"},"modified":"2024-06-01T08:01:26","modified_gmt":"2024-06-01T08:01:26","slug":"unser-branchenfokus","status":"publish","type":"page","link":"https:\/\/bc4.ai\/en\/unser-branchenfokus\/","title":{"rendered":"Unser Branchenfokus"},"content":{"rendered":"<p><strong>Hier kennen wir uns aus!<\/strong><\/p>\n\n\n\n<p><strong><u>Dienstleistungssektor<\/u><\/strong><\/p>\n\n\n\n<p>Ob Software-Haus, Seminaranbieter,&nbsp; Beratungsunternehmen, etc., ob im Projektgesch\u00e4ft oder Standard-Betrieb wir helfen ihre Prozesse auf ein neues Level zu bringen. Gemeinsam bewerten wir die aktuelle Ausgangssituation und welche Umstellungen notwendig sind, um das Unternehmen zukunftsf\u00e4hig auszurichten.<\/p>\n\n\n\n<p>Auf Basis unserer langj\u00e4hrigen Erfahrung in der Beratung im Dienstleistungssektor k\u00f6nnen wir schnell Optimierungspotential identifizieren, denn Dienstleistungen sind immer ein personalintensives Unterfangen und der Fachkr\u00e4ftemangel f\u00fchrt dazu, dass immer weniger geeignete Mitarbeiter zur Verf\u00fcgung stehen. Es ist daher wichtig die produktiven Zeiten der Belegschaft zu erh\u00f6hen und administrative Aufgaben zu optimieren, bestenfalls zu automatisieren.<\/p>\n\n\n\n<p>Durch die Verzahnung mit einem Marketing-Konzept k\u00f6nnen zudem neue M\u00e4rkte erschlossen und die Reichweite erh\u00f6ht werden. Ebenso kann das Upsell- und Cross-Selling verbessert werden, um mit dem bestehenden Kundenstamm mehr Umsatz zu erzielen.<\/p>\n\n\n\n<p><strong><u>E-Commerce<\/u><\/strong><\/p>\n\n\n\n<p>Online-Handel ist nicht erst seit der Pandemie f\u00fcr viele Handelsunternehmen ein wichtiges Standbein geworden. Doch die Konkurrenz ist hart, Unternehmen wie Amazon dominieren den Markt, nahe zu jede Produktsuche auf Google f\u00fchrt zu Amazon-Produktseiten. Gegen solche Werbebudgets haben gerade mittelst\u00e4ndische Unternehmen keine Chance. Aber auch wenn man sich daf\u00fcr entschlie\u00dft selbst auf Amazon anzubieten, die Konkurrenz auf Amazon ist hart, die Marge nach Abzug der Geb\u00fchren gering und nicht selten wird der H\u00e4ndler-Account aus nicht nachvollziehbaren Gr\u00fcnden gesperrt.<\/p>\n\n\n\n<p>Daher ist es wichtig Strategien zu entwickeln, auf welchen Kan\u00e4len die Zielgruppe erreicht werden kann und welche Plattformen als alternative zu Amazon genutzt werden k\u00f6nnen. Auch die Optimierung der Lieferketten umfasst unsere Beratung, hierbei profitieren Sie von unserem umfangreichen Knowhow und Netzwerken, die Konzepte wie Just-In-Time oder Drop-Shipping umfassen.&nbsp;<\/p>\n\n\n\n<p><strong><u>Forschung und Entwicklung<\/u><\/strong><br><br>Als KI-Experten mit tiefgehender Expertise in Forschung und Entwicklung unterst\u00fctzen wir Unternehmen dabei, die Potenziale K\u00fcnstlicher Intelligenz f\u00fcr ihre innovativen Projekte zu nutzen. Unser Ziel ist es, Ihre Innovationskraft durch den Einsatz modernster KI-Technologien zu steigern und Ihnen dabei zu helfen, wettbewerbsentscheidende Produkte, Dienstleistungen und Verfahren zu entwickeln.<br>Unsere langj\u00e4hrige Erfahrung in interdisziplin\u00e4ren Forschungsprojekten, insbesondere in den Bereichen Naturwissenschaften, Medizin und Technik, bef\u00e4higt uns, Ihr Forschungs- und Entwicklungsteam gezielt zu unterst\u00fctzen. Wir beraten Sie bei der Konzeption und Umsetzung innovativer F&amp;E-Vorhaben und entwickeln ma\u00dfgeschneiderte KI-basierte L\u00f6sungen, die Ihre Forschungsprozesse beschleunigen und optimieren.<br>Von der Analyse gro\u00dfer Datenmengen und der Ableitung von Handlungsempfehlungen \u00fcber die Entwicklung KI-gest\u00fctzter Prototypen bis hin zur Unterst\u00fctzung bei Patenterteilungen &#8211; unser umfassendes Know-how versetzt Sie in die Lage, Ihre Wettbewerbsposition durch bahnbrechende Innovationen nachhaltig auszubauen.<br><br>Profitieren Sie von unserem tiefgehenden Verst\u00e4ndnis der KI-Basistechnologien und unserer Expertise in der Forschung. Gemeinsam entwickeln wir zukunftsweisende L\u00f6sungen, die Ihre Branche voranbringen.<br><br>Lassen Sie uns \u00fcber Ihre konkreten Forschungs- und Entwicklungsziele sprechen und finden Sie heraus, wie wir Ihr Unternehmen bei der Umsetzung unterst\u00fctzen k\u00f6nnen.<\/p>\n\n\n\n<p><strong><u>Gesundheitswesen<\/u><\/strong><br><br>Aufbauend auf seiner umfangreichen Erfahrung in interdisziplin\u00e4ren Forschungsprojekten, insbesondere im Bereich Medizin und Naturwissenschaften, unterst\u00fctzt R\u00fcdiger Buchkremer Unternehmen des Gesundheitswesens dabei, die Potenziale K\u00fcnstlicher Intelligenz zu nutzen. Wir entwickeln KI-gest\u00fctzte L\u00f6sungen f\u00fcr die Diagnoseunterst\u00fctzung, Patientenversorgung und Arzneimittelforschung. Dar\u00fcber hinaus beraten wir Kliniken, Pharmaunternehmen und Medizintechikanbieter bei der Konzeption innovativer, KI-basierter Produkte und Dienstleistungen, um die Versorgungsqualit\u00e4t zu verbessern und Effizienzsteigerungen zu erzielen.<\/p>\n\n\n\n<p><strong><u>Industrie<\/u><\/strong><\/p>\n\n\n\n<p>Aus unseren Erfahrungen liegt hier ein gro\u00dfes Optimierungspotential vor. Viele Unternehmen haben noch veraltete Systeme z.B. auf Basis von AS-400 im Einsatz. Bislang war der Druck die Effizienz zu steigern noch nicht gro\u00df genug, um solche technologischen Sackgassen abzul\u00f6sen.<\/p>\n\n\n\n<p>Eine moderne Plattform ist aber die Basis f\u00fcr zukunftsf\u00e4hige Prozesse, gerade im verarbeitenden Gewerbe kann durch Optimierung der Lagerhaltung, der Produktionsstra\u00dfe und der Logistik eine neue L\u00f6sung schnell amortisiert werden. Kennzahlen sind in solchen Systemen in Echtzeit verf\u00fcgbar, durch die Integration von predictive maintenance k\u00f6nnen Ausfallzeiten minimiert und die Lebensdauer von Maschinen verl\u00e4ngert werden. Durch die Integration der Systeme auf Lieferantenseite k\u00f6nnen wichtige Informationen in Echtzeit ausgetauscht werden, so dass \u00fcber den gesamten Produktionsprozess alle Informationen zur Verf\u00fcgung stehen. Das schafft auch Transparenz f\u00fcr die Endkunden, die den Auftragsstatus verfolgen k\u00f6nnen.<\/p>\n\n\n\n<p>Da Energiekosten immer wichtiger werden, sind Investitionen in autonome Energiequellen wie Solar- oder Windenergie auch immer eine \u00dcberlegung wert. Gemeinsam erarbeiten wir Konzepte f\u00fcr die Integration erneuerbarer Energie und integrieren die Verf\u00fcgbarkeit anhand von Wetterprognosen in Ihren Produktionsablauf, so dass energieintensive Produkte bzw. Herstellungsprozesse zu Zeiten mit maximaler Eigenversorgung eingeplant werden.<\/p>","protected":false},"excerpt":{"rendered":"<p>Hier kennen wir uns aus! Dienstleistungssektor Ob Software-Haus, Seminaranbieter,&nbsp; Beratungsunternehmen, etc., ob im Projektgesch\u00e4ft oder Standard-Betrieb wir helfen ihre Prozesse auf ein neues Level zu bringen. Gemeinsam bewerten wir die aktuelle Ausgangssituation und welche Umstellungen notwendig sind, um das Unternehmen zukunftsf\u00e4hig auszurichten. Auf Basis unserer langj\u00e4hrigen Erfahrung in der Beratung im Dienstleistungssektor k\u00f6nnen wir schnell [&hellip;]<\/p>\n","protected":false},"author":1,"featured_media":0,"parent":0,"menu_order":0,"comment_status":"closed","ping_status":"closed","template":"","meta":{"_gspb_post_css":"","footnotes":""},"class_list":["post-36","page","type-page","status-publish","hentry"],"blocksy_meta":[],"yoast_head":"<!-- This site is optimized with the Yoast SEO plugin v27.5 - https:\/\/yoast.com\/product\/yoast-seo-wordpress\/ -->\n<title>Unser Branchenfokus - bc\u2074ai<\/title>\n<meta name=\"robots\" content=\"index, follow, max-snippet:-1, max-image-preview:large, max-video-preview:-1\" \/>\n<link rel=\"canonical\" href=\"https:\/\/bc4.ai\/en\/unser-branchenfokus\/\" \/>\n<meta property=\"og:locale\" content=\"en_US\" \/>\n<meta property=\"og:type\" content=\"article\" \/>\n<meta property=\"og:title\" content=\"Unser Branchenfokus - bc\u2074ai\" \/>\n<meta property=\"og:description\" content=\"Hier kennen wir uns aus! Dienstleistungssektor Ob Software-Haus, Seminaranbieter,&nbsp; Beratungsunternehmen, etc., ob im Projektgesch\u00e4ft oder Standard-Betrieb wir helfen ihre Prozesse auf ein neues Level zu bringen. Gemeinsam bewerten wir die aktuelle Ausgangssituation und welche Umstellungen notwendig sind, um das Unternehmen zukunftsf\u00e4hig auszurichten. Auf Basis unserer langj\u00e4hrigen Erfahrung in der Beratung im Dienstleistungssektor k\u00f6nnen wir schnell [&hellip;]\" \/>\n<meta property=\"og:url\" content=\"https:\/\/bc4.ai\/en\/unser-branchenfokus\/\" \/>\n<meta property=\"og:site_name\" content=\"bc\u2074ai\" \/>\n<meta property=\"article:modified_time\" content=\"2024-06-01T08:01:26+00:00\" \/>\n<meta name=\"twitter:card\" content=\"summary_large_image\" \/>\n<meta name=\"twitter:label1\" content=\"Est. reading time\" \/>\n\t<meta name=\"twitter:data1\" content=\"4 minutes\" \/>\n<script type=\"application\/ld+json\" class=\"yoast-schema-graph\">{\"@context\":\"https:\\\/\\\/schema.org\",\"@graph\":[{\"@type\":\"WebPage\",\"@id\":\"https:\\\/\\\/bc4.ai\\\/unser-branchenfokus\\\/\",\"url\":\"https:\\\/\\\/bc4.ai\\\/unser-branchenfokus\\\/\",\"name\":\"Unser Branchenfokus - bc\u2074ai\",\"isPartOf\":{\"@id\":\"https:\\\/\\\/bc4.ai\\\/#website\"},\"datePublished\":\"2024-04-12T17:07:24+00:00\",\"dateModified\":\"2024-06-01T08:01:26+00:00\",\"breadcrumb\":{\"@id\":\"https:\\\/\\\/bc4.ai\\\/unser-branchenfokus\\\/#breadcrumb\"},\"inLanguage\":\"en-US\",\"potentialAction\":[{\"@type\":\"ReadAction\",\"target\":[\"https:\\\/\\\/bc4.ai\\\/unser-branchenfokus\\\/\"]}]},{\"@type\":\"BreadcrumbList\",\"@id\":\"https:\\\/\\\/bc4.ai\\\/unser-branchenfokus\\\/#breadcrumb\",\"itemListElement\":[{\"@type\":\"ListItem\",\"position\":1,\"name\":\"Home\",\"item\":\"https:\\\/\\\/bc4.ai\\\/\"},{\"@type\":\"ListItem\",\"position\":2,\"name\":\"Unser Branchenfokus\"}]},{\"@type\":\"WebSite\",\"@id\":\"https:\\\/\\\/bc4.ai\\\/#website\",\"url\":\"https:\\\/\\\/bc4.ai\\\/\",\"name\":\"bc\u2074ai\",\"description\":\"Business-Consulting 4 AI\",\"publisher\":{\"@id\":\"https:\\\/\\\/bc4.ai\\\/#organization\"},\"potentialAction\":[{\"@type\":\"SearchAction\",\"target\":{\"@type\":\"EntryPoint\",\"urlTemplate\":\"https:\\\/\\\/bc4.ai\\\/?s={search_term_string}\"},\"query-input\":{\"@type\":\"PropertyValueSpecification\",\"valueRequired\":true,\"valueName\":\"search_term_string\"}}],\"inLanguage\":\"en-US\"},{\"@type\":\"Organization\",\"@id\":\"https:\\\/\\\/bc4.ai\\\/#organization\",\"name\":\"bc\u2074ai\",\"url\":\"https:\\\/\\\/bc4.ai\\\/\",\"logo\":{\"@type\":\"ImageObject\",\"inLanguage\":\"en-US\",\"@id\":\"https:\\\/\\\/bc4.ai\\\/#\\\/schema\\\/logo\\\/image\\\/\",\"url\":\"https:\\\/\\\/bc4.ai\\\/wp-content\\\/uploads\\\/2024\\\/04\\\/962CBE5F-A5D0-4C04-8A2A-CF2A0CA2DBB3.png\",\"contentUrl\":\"https:\\\/\\\/bc4.ai\\\/wp-content\\\/uploads\\\/2024\\\/04\\\/962CBE5F-A5D0-4C04-8A2A-CF2A0CA2DBB3.png\",\"width\":3470,\"height\":3457,\"caption\":\"bc\u2074ai\"},\"image\":{\"@id\":\"https:\\\/\\\/bc4.ai\\\/#\\\/schema\\\/logo\\\/image\\\/\"},\"sameAs\":[\"https:\\\/\\\/www.linkedin.com\\\/company\\\/bc-ai-business-consulting\\\/about\\\/\"]}]}<\/script>\n<!-- \/ Yoast SEO plugin. -->","yoast_head_json":{"title":"Unser Branchenfokus - bc\u2074ai","robots":{"index":"index","follow":"follow","max-snippet":"max-snippet:-1","max-image-preview":"max-image-preview:large","max-video-preview":"max-video-preview:-1"},"canonical":"https:\/\/bc4.ai\/en\/unser-branchenfokus\/","og_locale":"en_US","og_type":"article","og_title":"Unser Branchenfokus - bc\u2074ai","og_description":"Hier kennen wir uns aus! Dienstleistungssektor Ob Software-Haus, Seminaranbieter,&nbsp; Beratungsunternehmen, etc., ob im Projektgesch\u00e4ft oder Standard-Betrieb wir helfen ihre Prozesse auf ein neues Level zu bringen. Gemeinsam bewerten wir die aktuelle Ausgangssituation und welche Umstellungen notwendig sind, um das Unternehmen zukunftsf\u00e4hig auszurichten. Auf Basis unserer langj\u00e4hrigen Erfahrung in der Beratung im Dienstleistungssektor k\u00f6nnen wir schnell [&hellip;]","og_url":"https:\/\/bc4.ai\/en\/unser-branchenfokus\/","og_site_name":"bc\u2074ai","article_modified_time":"2024-06-01T08:01:26+00:00","twitter_card":"summary_large_image","twitter_misc":{"Est. reading time":"4 minutes"},"schema":{"@context":"https:\/\/schema.org","@graph":[{"@type":"WebPage","@id":"https:\/\/bc4.ai\/unser-branchenfokus\/","url":"https:\/\/bc4.ai\/unser-branchenfokus\/","name":"Unser Branchenfokus - bc\u2074ai","isPartOf":{"@id":"https:\/\/bc4.ai\/#website"},"datePublished":"2024-04-12T17:07:24+00:00","dateModified":"2024-06-01T08:01:26+00:00","breadcrumb":{"@id":"https:\/\/bc4.ai\/unser-branchenfokus\/#breadcrumb"},"inLanguage":"en-US","potentialAction":[{"@type":"ReadAction","target":["https:\/\/bc4.ai\/unser-branchenfokus\/"]}]},{"@type":"BreadcrumbList","@id":"https:\/\/bc4.ai\/unser-branchenfokus\/#breadcrumb","itemListElement":[{"@type":"ListItem","position":1,"name":"Home","item":"https:\/\/bc4.ai\/"},{"@type":"ListItem","position":2,"name":"Unser Branchenfokus"}]},{"@type":"WebSite","@id":"https:\/\/bc4.ai\/#website","url":"https:\/\/bc4.ai\/","name":"bc\u2074ai","description":"Business-Consulting 4 AI","publisher":{"@id":"https:\/\/bc4.ai\/#organization"},"potentialAction":[{"@type":"SearchAction","target":{"@type":"EntryPoint","urlTemplate":"https:\/\/bc4.ai\/?s={search_term_string}"},"query-input":{"@type":"PropertyValueSpecification","valueRequired":true,"valueName":"search_term_string"}}],"inLanguage":"en-US"},{"@type":"Organization","@id":"https:\/\/bc4.ai\/#organization","name":"bc\u2074ai","url":"https:\/\/bc4.ai\/","logo":{"@type":"ImageObject","inLanguage":"en-US","@id":"https:\/\/bc4.ai\/#\/schema\/logo\/image\/","url":"https:\/\/bc4.ai\/wp-content\/uploads\/2024\/04\/962CBE5F-A5D0-4C04-8A2A-CF2A0CA2DBB3.png","contentUrl":"https:\/\/bc4.ai\/wp-content\/uploads\/2024\/04\/962CBE5F-A5D0-4C04-8A2A-CF2A0CA2DBB3.png","width":3470,"height":3457,"caption":"bc\u2074ai"},"image":{"@id":"https:\/\/bc4.ai\/#\/schema\/logo\/image\/"},"sameAs":["https:\/\/www.linkedin.com\/company\/bc-ai-business-consulting\/about\/"]}]}},"_links":{"self":[{"href":"https:\/\/bc4.ai\/en\/wp-json\/wp\/v2\/pages\/36","targetHints":{"allow":["GET"]}}],"collection":[{"href":"https:\/\/bc4.ai\/en\/wp-json\/wp\/v2\/pages"}],"about":[{"href":"https:\/\/bc4.ai\/en\/wp-json\/wp\/v2\/types\/page"}],"author":[{"embeddable":true,"href":"https:\/\/bc4.ai\/en\/wp-json\/wp\/v2\/users\/1"}],"replies":[{"embeddable":true,"href":"https:\/\/bc4.ai\/en\/wp-json\/wp\/v2\/comments?post=36"}],"version-history":[{"count":4,"href":"https:\/\/bc4.ai\/en\/wp-json\/wp\/v2\/pages\/36\/revisions"}],"predecessor-version":[{"id":285,"href":"https:\/\/bc4.ai\/en\/wp-json\/wp\/v2\/pages\/36\/revisions\/285"}],"wp:attachment":[{"href":"https:\/\/bc4.ai\/en\/wp-json\/wp\/v2\/media?parent=36"}],"curies":[{"name":"wp","href":"https:\/\/api.w.org\/{rel}","templated":true}]}}