{"id":789,"date":"2025-03-04T09:14:56","date_gmt":"2025-03-04T09:14:56","guid":{"rendered":"https:\/\/startersites.io\/blocksy\/investboost\/?page_id=15"},"modified":"2025-08-15T09:44:09","modified_gmt":"2025-08-15T09:44:09","slug":"contact","status":"publish","type":"page","link":"https:\/\/bc4.ai\/en\/contact\/","title":{"rendered":"Contact us"},"content":{"rendered":"\n<div class=\"wp-block-greenshift-blocks-container alignfull gspb_container gspb_container-gsbp-045dd0a\" id=\"gspb_container-id-gsbp-045dd0a\">\n<div class=\"wp-block-greenshift-blocks-row gspb_row gspb_row-id-gsbp-c15eed3 gspb_row--gutter-custom-0\" id=\"gspb_row-id-gsbp-c15eed3\"><div class=\"gspb_row__content\"> \n<div class=\"wp-block-greenshift-blocks-row-column gspb_row__col--6 gspb_row__col--md-12 gspb_col-id-gsbp-54a72a9\" id=\"gspb_col-id-gsbp-54a72a9\"><div class=\"wpforms-container wpforms-block wpforms-block-08d8b744-3758-41aa-bc37-f872e133b063 wpforms-render-modern\" id=\"wpforms-22\"><form id=\"wpforms-form-22\" class=\"wpforms-validate wpforms-form wpforms-ajax-form\" data-formid=\"22\" method=\"post\" enctype=\"multipart\/form-data\" action=\"\/en\/wp-json\/wp\/v2\/pages\/789\" data-token=\"e33c5394e9c51a43e70a116c1231153c\" data-token-time=\"1775399288\"><noscript class=\"wpforms-error-noscript\">Please enable JavaScript in your browser to complete this form.<\/noscript><div id=\"wpforms-error-noscript\" style=\"display: none;\">Please enable JavaScript in your browser to complete this form.<\/div><div class=\"wpforms-field-container\"><div id=\"wpforms-22-field_1-container\" class=\"wpforms-field wpforms-field-email\" data-field-id=\"1\"><label class=\"wpforms-field-label\" for=\"wpforms-22-field_1\">Email <span class=\"wpforms-required-label\" aria-hidden=\"true\">*<\/span><\/label><input type=\"email\" id=\"wpforms-22-field_1\" class=\"wpforms-field-medium wpforms-field-required\" name=\"wpforms[fields][1]\" spellcheck=\"false\" aria-errormessage=\"wpforms-22-field_1-error\" required><\/div><div id=\"wpforms-22-field_2-container\" class=\"wpforms-field wpforms-field-textarea\" data-field-id=\"2\"><label class=\"wpforms-field-label\" for=\"wpforms-22-field_2\">Nachricht <span class=\"wpforms-required-label\" aria-hidden=\"true\">*<\/span><\/label><textarea id=\"wpforms-22-field_2\" class=\"wpforms-field-medium wpforms-field-required\" name=\"wpforms[fields][2]\" aria-errormessage=\"wpforms-22-field_2-error\" required><\/textarea><\/div><div id=\"wpforms-22-field_3-container\" class=\"wpforms-field wpforms-field-checkbox\" data-field-id=\"3\"><fieldset><legend class=\"wpforms-field-label\">  <span class=\"wpforms-required-label\" aria-hidden=\"true\">*<\/span><\/legend><ul id=\"wpforms-22-field_3\" class=\"wpforms-field-required\"><li class=\"choice-1 depth-1\"><input type=\"checkbox\" id=\"wpforms-22-field_3_1\" name=\"wpforms[fields][3][]\" value=\"Ich bin damit einverstanden, dass diese Daten zum Zweck der Kontaktaufnahme gespeichert und verarbeitet werden. Mir ist bekannt, dass ich meine Einwilligung jederzeit widerrufen kann.*\" aria-errormessage=\"wpforms-22-field_3_1-error\" aria-describedby=\"wpforms-22-field_3-description\" required ><label class=\"wpforms-field-label-inline\" for=\"wpforms-22-field_3_1\">Ich bin damit einverstanden, dass diese Daten zum Zweck der Kontaktaufnahme gespeichert und verarbeitet werden. Mir ist bekannt, dass ich meine Einwilligung jederzeit widerrufen kann.*<\/label><\/li><\/ul><div id=\"wpforms-22-field_3-description\" class=\"wpforms-field-description\">* Kennzeichnet erforderliche Felder\n<\/div><\/fieldset><\/div><\/div><!-- .wpforms-field-container --><div class=\"wpforms-submit-container\" ><input type=\"hidden\" name=\"wpforms[id]\" value=\"22\"><input type=\"hidden\" name=\"page_title\" value=\"\"><input type=\"hidden\" name=\"page_url\" value=\"https:\/\/bc4.ai\/en\/wp-json\/wp\/v2\/pages\/789\"><input type=\"hidden\" name=\"url_referer\" value=\"\"><button type=\"submit\" name=\"wpforms[submit]\" id=\"wpforms-submit-22\" class=\"wpforms-submit\" data-alt-text=\"Sending...\" data-submit-text=\"Absenden\" aria-live=\"assertive\" value=\"wpforms-submit\">Absenden<\/button><img loading=\"lazy\" decoding=\"async\" src=\"https:\/\/bc4.ai\/wp-content\/plugins\/wpforms-lite\/assets\/images\/submit-spin.svg\" class=\"wpforms-submit-spinner\" style=\"display: none;\" width=\"26\" height=\"26\" alt=\"Loading\"><\/div><\/form><\/div>  <!-- .wpforms-container --><\/div>\n <\/div><\/div>\n\n\n\n<div class=\"wp-block-greenshift-blocks-image gspb_image gspb_image-id-gsbp-0c2e4c7\" id=\"gspb_image-id-gsbp-0c2e4c7\"><img decoding=\"async\" src=\"https:\/\/bc4.ai\/wp-content\/uploads\/2025\/03\/decoration-1.svg\" data-src=\"\" alt=\"\" loading=\"lazy\" width=\"105\" height=\"220\"\/><\/div>\n\n\n\n<div class=\"wp-block-greenshift-blocks-image gspb_image gspb_image-id-gsbp-2aa6cc1\" id=\"gspb_image-id-gsbp-2aa6cc1\"><img decoding=\"async\" src=\"https:\/\/bc4.ai\/wp-content\/uploads\/2025\/03\/decoration-2.svg\" data-src=\"\" alt=\"\" loading=\"lazy\" width=\"105\" height=\"220\"\/><\/div>\n<\/div>\n\n\n\n<div class=\"wp-block-greenshift-blocks-container gspb_container gspb_container-gsbp-5fe6b70\" id=\"gspb_container-id-gsbp-5fe6b70\">\n<h2 id=\"gspb_heading-id-gsbp-b7c3182\" class=\"gspb_heading gspb_heading-id-gsbp-b7c3182 \">Warum wir?<\/h2>\n\n\n\n<div class=\"wp-block-greenshift-blocks-row gspb_row gspb_row-id-gsbp-49cb9ce gspb_row--gutter-custom-0\" id=\"gspb_row-id-gsbp-49cb9ce\"><div class=\"gspb_row__content\"> \n<div class=\"wp-block-greenshift-blocks-row-column gspb_row__col--4 gspb_row__col--md-6 gspb_col-id-gsbp-638ff3b\" id=\"gspb_col-id-gsbp-638ff3b\">\n<h4 id=\"gspb_heading-id-gsbp-6386c6e\" class=\"gspb_heading gspb_heading-id-gsbp-6386c6e \">Professionalit\u00e4t<\/h4>\n\n\n\n<div id=\"gspb_text-id-gsbp-947fa6f\" class=\"gspb_text gspb_text-id-gsbp-947fa6f \">Wir liefern pr\u00e4zise, ma\u00dfgeschneiderte KI-L\u00f6sungen, die auf fundierter Expertise und jahrelanger Erfahrung basieren.<\/div>\n\n\n\n<h4 id=\"gspb_heading-id-gsbp-bac1687\" class=\"gspb_heading gspb_heading-id-gsbp-bac1687 \"><strong>Sicherheit<\/strong><\/h4>\n\n\n\n<div id=\"gspb_text-id-gsbp-43ca7cd\" class=\"gspb_text gspb_text-id-gsbp-43ca7cd \">Ihre Daten bleiben gesch\u00fctzt, lokal gespeichert und jederzeit unter Ihrer vollst\u00e4ndigen Kontrolle.<\/div>\n<\/div>\n\n\n\n<div class=\"wp-block-greenshift-blocks-row-column gspb_row__col--4 gspb_row__col--md-6 gspb_col-id-gsbp-9f9dcf4\" id=\"gspb_col-id-gsbp-9f9dcf4\">\n<h4 id=\"gspb_heading-id-gsbp-fa37f1f\" class=\"gspb_heading gspb_heading-id-gsbp-fa37f1f \">Transparenz<\/h4>\n\n\n\n<div id=\"gspb_text-id-gsbp-da92dbb\" class=\"gspb_text gspb_text-id-gsbp-da92dbb \">Wir kommunizieren klar, nachvollziehbar und offen \u2013 von der ersten Beratung bis zur finalen Implementierung.<\/div>\n\n\n\n<h4 id=\"gspb_heading-id-gsbp-9b7ff87\" class=\"gspb_heading gspb_heading-id-gsbp-9b7ff87 \">15+ Jahre Erfahrung<\/h4>\n\n\n\n<div id=\"gspb_text-id-gsbp-00f6bb5\" class=\"gspb_text gspb_text-id-gsbp-00f6bb5 \">Tiefes Fachwissen in Technologie und Innovation<\/div>\n<\/div>\n\n\n\n<div class=\"wp-block-greenshift-blocks-row-column gspb_row__col--4 gspb_row__col--md-12 gspb_col-id-gsbp-59a6a18\" id=\"gspb_col-id-gsbp-59a6a18\">\n<div class=\"wp-block-greenshift-blocks-image gspb_image gspb_image-id-gsbp-a3dc0a9\" id=\"gspb_image-id-gsbp-a3dc0a9\"><img decoding=\"async\" src=\"https:\/\/bc4.ai\/wp-content\/uploads\/2025\/03\/contact-us-page-cta-image.webp\" data-src=\"\" alt=\"\" loading=\"lazy\" width=\"100%\" height=\"400\"\/><\/div>\n<\/div>\n <\/div><\/div>\n\n\n\n<div class=\"wp-block-greenshift-blocks-image gspb_image gspb_image-id-gsbp-e7de917\" id=\"gspb_image-id-gsbp-e7de917\"><img decoding=\"async\" src=\"https:\/\/bc4.ai\/wp-content\/uploads\/2025\/03\/decoration-1.svg\" data-src=\"\" alt=\"\" loading=\"lazy\" width=\"105\" height=\"220\"\/><\/div>\n\n\n\n<div class=\"wp-block-greenshift-blocks-image gspb_image gspb_image-id-gsbp-1e067b4\" id=\"gspb_image-id-gsbp-1e067b4\"><img decoding=\"async\" src=\"https:\/\/bc4.ai\/wp-content\/uploads\/2025\/03\/decoration-2.svg\" data-src=\"\" alt=\"\" loading=\"lazy\" width=\"105\" height=\"220\"\/><\/div>\n<\/div>\n","protected":false},"excerpt":{"rendered":"","protected":false},"author":1,"featured_media":0,"parent":0,"menu_order":0,"comment_status":"closed","ping_status":"closed","template":"","meta":{"_gspb_post_css":".gspb_container-id-gsbp-045dd0a{flex-direction:column;box-sizing:border-box}#gspb_container-id-gsbp-045dd0a.gspb_container>p:last-of-type,#gspb_container-id-gsbp-5fe6b70.gspb_container>p:last-of-type{margin-bottom:0}#gspb_container-id-gsbp-045dd0a.gspb_container{position:relative;margin-bottom:120px;padding-top:120px;padding-bottom:80px;overflow:hidden}@media (max-width:991.98px){#gspb_container-id-gsbp-045dd0a.gspb_container{margin-bottom:80px;padding-top:200px;padding-bottom:80px}}@media (max-width:575.98px){#gspb_container-id-gsbp-045dd0a.gspb_container{margin-bottom:60px;padding-top:170px;padding-bottom:60px}}#gspb_container-id-gsbp-045dd0a.gspb_container{background-color:var(--wp--preset--color--palette-color-9, var(--theme-palette-color-9, #CBE1E4))}#gspb_row-id-gsbp-c15eed3{justify-content:space-between;margin-top:0;margin-bottom:0;display:flex;flex-wrap:wrap;align-content:center;background-color:var(--wp--preset--color--palette-color-8, var(--theme-palette-color-8, #ffffff))}#gspb_row-id-gsbp-c15eed3>.gspb_row__content{display:flex;justify-content:space-between;margin:0 auto;width:100%;flex-wrap:wrap}div[id^=gspb_col-id]{box-sizing:border-box;position:relative;padding:var(--gs-row-column-padding, 15px min(3vw, 20px))}@media (max-width:991.98px){#gspb_row-id-gsbp-c15eed3>.gspb_row__content{row-gap:80px}}@media (max-width:575.98px){#gspb_row-id-gsbp-c15eed3>.gspb_row__content{row-gap:60px}}#gspb_row-id-gsbp-c15eed3>.gspb_row__content{align-items:center}body.gspb-bodyfront #gspb_row-id-gsbp-c15eed3>.gspb_row__content{width:var(--theme-container-width, 1200px);max-width:var(--theme-normal-container-max-width, 1200px)}body.gspb-bodyfront #gspb_row-id-gsbp-c15eed3{z-index:1}#gspb_col-id-gsbp-54a72a9.gspb_row__col--6{width:calc(50% - 50px)}@media (max-width:991.98px){#gspb_col-id-gsbp-54a72a9.gspb_row__col--6{width:100%}}@media (max-width:767.98px){#gspb_col-id-gsbp-54a72a9.gspb_row__col--6{width:calc(100% - 50px)}}@media (max-width:575.98px){#gspb_col-id-gsbp-54a72a9.gspb_row__col--6{width:100%}}@media (min-width:992px){body.gspb-bodyfront #gspb_col-id-gsbp-54a72a9.gspb_row__col--6{width:calc(45% - 0px - 50px)}}.gspb_row #gspb_col-id-gsbp-54a72a9.gspb_row__col--6{padding:0}#gspb_image-id-gsbp-0c2e4c7 img{vertical-align:top;display:inline-block;box-sizing:border-box;max-width:100%;width:auto}body.gspb-bodyfront #gspb_image-id-gsbp-0c2e4c7{position:absolute;top:50%;left:0}@media (max-width:991.98px){#gspb_image-id-gsbp-0c2e4c7 img{width:auto}}@media (max-width:767.98px){#gspb_image-id-gsbp-0c2e4c7 img{width:auto}}@media (max-width:575.98px){#gspb_image-id-gsbp-0c2e4c7 img{width:auto}}#gspb_image-id-gsbp-0c2e4c7,#gspb_image-id-gsbp-0c2e4c7 img{height:220px}@media (max-width:991.98px){#gspb_image-id-gsbp-0c2e4c7,#gspb_image-id-gsbp-0c2e4c7 img{height:180px}}@media (max-width:575.98px){#gspb_image-id-gsbp-0c2e4c7,#gspb_image-id-gsbp-0c2e4c7 img{height:150px}}#gspb_image-id-gsbp-2aa6cc1 img{vertical-align:top;display:inline-block;box-sizing:border-box;max-width:100%;width:auto}body.gspb-bodyfront #gspb_image-id-gsbp-2aa6cc1{position:absolute;top:20%;right:0}@media (max-width:991.98px){#gspb_image-id-gsbp-2aa6cc1 img{width:auto}}@media (max-width:767.98px){#gspb_image-id-gsbp-2aa6cc1 img{width:auto}}@media (max-width:575.98px){#gspb_image-id-gsbp-2aa6cc1 img{width:auto}}#gspb_image-id-gsbp-2aa6cc1,#gspb_image-id-gsbp-2aa6cc1 img{height:220px}@media (max-width:991.98px){#gspb_image-id-gsbp-2aa6cc1,#gspb_image-id-gsbp-2aa6cc1 img{height:180px}}@media (max-width:575.98px){#gspb_image-id-gsbp-2aa6cc1,#gspb_image-id-gsbp-2aa6cc1 img{height:150px}}.gspb_container-id-gsbp-5fe6b70{flex-direction:column;box-sizing:border-box}#gspb_container-id-gsbp-5fe6b70.gspb_container{position:relative;margin-bottom:120px;padding:80px;overflow:hidden}@media (max-width:991.98px){#gspb_container-id-gsbp-5fe6b70.gspb_container{margin-bottom:80px;padding:60px}}@media (max-width:575.98px){#gspb_container-id-gsbp-5fe6b70.gspb_container{margin-bottom:60px;padding:30px}}#gspb_container-id-gsbp-5fe6b70.gspb_container,#gspb_container-id-gsbp-5fe6b70.gspb_container>.gspb_backgroundOverlay{border-top-left-radius:30px;border-top-right-radius:30px;border-bottom-right-radius:30px;border-bottom-left-radius:30px}#gspb_container-id-gsbp-5fe6b70.gspb_container{background-color:var(--wp--preset--color--palette-color-4, var(--theme-palette-color-4, #080C0E))}#gspb_heading-id-gsbp-b7c3182{font-size:50px;line-height:1.3em}@media (max-width:991.98px){#gspb_heading-id-gsbp-b7c3182{font-size:35px}}@media (max-width:575.98px){#gspb_heading-id-gsbp-b7c3182{font-size:30px}}@media (max-width:991.98px){#gspb_heading-id-gsbp-b7c3182,#gspb_heading-id-gsbp-b7c3182 .gsap-g-line{text-align:center!important}}#gspb_heading-id-gsbp-b7c3182{color:#fff;margin-top:0;margin-bottom:40px}body.gspb-bodyfront #gspb_heading-id-gsbp-b7c3182,body.gspb-bodyfront #gspb_row-id-gsbp-49cb9ce{z-index:1}#gspb_row-id-gsbp-49cb9ce{justify-content:space-between;margin-top:0;margin-bottom:0;display:flex;flex-wrap:wrap;align-content:center}#gspb_row-id-gsbp-49cb9ce>.gspb_row__content{display:flex;justify-content:space-between;margin:0 auto;width:100%;flex-wrap:wrap}.gspb_row{position:relative}@media (max-width:991.98px){#gspb_row-id-gsbp-49cb9ce>.gspb_row__content{row-gap:60px}}#gspb_row-id-gsbp-49cb9ce>.gspb_row__content{align-items:center}body.gspb-bodyfront #gspb_row-id-gsbp-49cb9ce>.gspb_row__content{width:var(--theme-container-width, 1200px);max-width:var(--theme-normal-container-max-width, 1200px)}#gspb_col-id-gsbp-638ff3b.gspb_row__col--4{width:calc(33.333333333333336% - 50px)}@media (max-width:991.98px){#gspb_col-id-gsbp-638ff3b.gspb_row__col--4{width:calc(50% - 50px)}}@media (max-width:767.98px){#gspb_col-id-gsbp-638ff3b.gspb_row__col--4{width:calc(50% - 50px)}}@media (max-width:575.98px){#gspb_col-id-gsbp-638ff3b.gspb_row__col--4{width:100%}}.gspb_row #gspb_col-id-gsbp-59a6a18.gspb_row__col--4,.gspb_row #gspb_col-id-gsbp-638ff3b.gspb_row__col--4,.gspb_row #gspb_col-id-gsbp-9f9dcf4.gspb_row__col--4{padding:0}#gspb_heading-id-gsbp-6386c6e{font-size:20px}@media (max-width:991.98px){#gspb_heading-id-gsbp-6386c6e,#gspb_heading-id-gsbp-6386c6e .gsap-g-line{text-align:center!important}}#gspb_heading-id-gsbp-6386c6e{color:#fff;margin-top:0;margin-bottom:15px}@media (max-width:991.98px){.gspb_text-id-gsbp-947fa6f,.gspb_text-id-gsbp-947fa6f .gsap-g-line{text-align:center!important}}.gspb_text-id-gsbp-947fa6f{color:#ffffffc2;margin-bottom:60px!important}#gspb_heading-id-gsbp-bac1687{font-size:20px}@media (max-width:991.98px){#gspb_heading-id-gsbp-bac1687,#gspb_heading-id-gsbp-bac1687 .gsap-g-line{text-align:center!important}}#gspb_heading-id-gsbp-bac1687{color:#fff;margin-top:0;margin-bottom:15px}@media (max-width:991.98px){.gspb_text-id-gsbp-43ca7cd,.gspb_text-id-gsbp-43ca7cd .gsap-g-line{text-align:center!important}}.gspb_text-id-gsbp-43ca7cd{color:#ffffffc2}#gspb_col-id-gsbp-9f9dcf4.gspb_row__col--4{width:calc(33.333333333333336% - 50px)}@media (max-width:991.98px){#gspb_col-id-gsbp-9f9dcf4.gspb_row__col--4{width:calc(50% - 50px)}}@media (max-width:767.98px){#gspb_col-id-gsbp-9f9dcf4.gspb_row__col--4{width:calc(50% - 50px)}}@media (max-width:575.98px){#gspb_col-id-gsbp-9f9dcf4.gspb_row__col--4{width:100%}}#gspb_heading-id-gsbp-fa37f1f{font-size:20px}@media (max-width:991.98px){#gspb_heading-id-gsbp-fa37f1f,#gspb_heading-id-gsbp-fa37f1f .gsap-g-line{text-align:center!important}}#gspb_heading-id-gsbp-fa37f1f{color:#fff;margin-top:0;margin-bottom:15px}@media (max-width:991.98px){.gspb_text-id-gsbp-da92dbb,.gspb_text-id-gsbp-da92dbb .gsap-g-line{text-align:center!important}}.gspb_text-id-gsbp-da92dbb{color:#ffffffc2;margin-bottom:60px!important}#gspb_heading-id-gsbp-9b7ff87{font-size:20px}@media (max-width:991.98px){#gspb_heading-id-gsbp-9b7ff87,#gspb_heading-id-gsbp-9b7ff87 .gsap-g-line{text-align:center!important}}#gspb_heading-id-gsbp-9b7ff87{color:#fff;margin-top:0;margin-bottom:15px}@media (max-width:991.98px){.gspb_text-id-gsbp-00f6bb5,.gspb_text-id-gsbp-00f6bb5 .gsap-g-line{text-align:center!important}}.gspb_text-id-gsbp-00f6bb5{color:#ffffffc2}#gspb_col-id-gsbp-59a6a18.gspb_row__col--4{width:calc(33.333333333333336% - 50px)}@media (max-width:991.98px){#gspb_col-id-gsbp-59a6a18.gspb_row__col--4{width:100%}}@media (max-width:767.98px){#gspb_col-id-gsbp-59a6a18.gspb_row__col--4{width:calc(100% - 50px)}}@media (max-width:575.98px){#gspb_col-id-gsbp-59a6a18.gspb_row__col--4{width:100%}}#gspb_image-id-gsbp-a3dc0a9 img{object-fit:cover}@media (max-width:991.98px){#gspb_image-id-gsbp-a3dc0a9 img{object-position:50% 20%}}#gspb_image-id-gsbp-a3dc0a9 img{vertical-align:top;display:inline-block;box-sizing:border-box;max-width:100%;border-top-left-radius:25px;border-top-right-radius:25px;border-bottom-right-radius:25px;border-bottom-left-radius:25px;width:100%;height:400px}#gspb_image-id-gsbp-a3dc0a9{height:400px}@media (max-width:575.98px){#gspb_image-id-gsbp-a3dc0a9,#gspb_image-id-gsbp-a3dc0a9 img{height:300px}}#gspb_image-id-gsbp-e7de917 img{vertical-align:top;display:inline-block;box-sizing:border-box;max-width:100%;width:auto}body.gspb-bodyfront #gspb_image-id-gsbp-e7de917{position:absolute;top:50%;left:0}@media (max-width:991.98px){#gspb_image-id-gsbp-e7de917 img{width:auto}}@media (max-width:767.98px){#gspb_image-id-gsbp-e7de917 img{width:auto}}@media (max-width:575.98px){#gspb_image-id-gsbp-e7de917 img{width:auto}}#gspb_image-id-gsbp-e7de917,#gspb_image-id-gsbp-e7de917 img{height:220px}@media (max-width:991.98px){#gspb_image-id-gsbp-e7de917,#gspb_image-id-gsbp-e7de917 img{height:180px}}@media (max-width:575.98px){#gspb_image-id-gsbp-e7de917,#gspb_image-id-gsbp-e7de917 img{height:150px}}#gspb_image-id-gsbp-1e067b4 img{vertical-align:top;display:inline-block;box-sizing:border-box;max-width:100%;width:auto}body.gspb-bodyfront #gspb_image-id-gsbp-1e067b4{position:absolute;top:5%;right:0}@media (max-width:991.98px){#gspb_image-id-gsbp-1e067b4 img{width:auto}}@media (max-width:767.98px){#gspb_image-id-gsbp-1e067b4 img{width:auto}}@media (max-width:575.98px){#gspb_image-id-gsbp-1e067b4 img{width:auto}}#gspb_image-id-gsbp-1e067b4,#gspb_image-id-gsbp-1e067b4 img{height:220px}@media (max-width:991.98px){#gspb_image-id-gsbp-1e067b4,#gspb_image-id-gsbp-1e067b4 img{height:180px}}@media (max-width:575.98px){#gspb_image-id-gsbp-1e067b4,#gspb_image-id-gsbp-1e067b4 img{height:150px}}","footnotes":""},"class_list":["post-789","page","type-page","status-publish","hentry"],"blocksy_meta":{"has_hero_section":"disabled","vertical_spacing_source":"custom","content_area_spacing":"none","styles_descriptor":{"styles":{"desktop":"","tablet":"","mobile":""},"google_fonts":[],"version":6}},"yoast_head":"<!-- This site is optimized with the Yoast SEO plugin v27.3 - https:\/\/yoast.com\/product\/yoast-seo-wordpress\/ -->\n<title>Kontakt - bc\u2074ai<\/title>\n<meta name=\"robots\" content=\"index, follow, max-snippet:-1, max-image-preview:large, max-video-preview:-1\" \/>\n<link rel=\"canonical\" href=\"https:\/\/bc4.ai\/en\/contact\/\" \/>\n<meta property=\"og:locale\" content=\"en_US\" \/>\n<meta property=\"og:type\" content=\"article\" \/>\n<meta property=\"og:title\" content=\"Kontakt - bc\u2074ai\" \/>\n<meta property=\"og:url\" content=\"https:\/\/bc4.ai\/en\/contact\/\" \/>\n<meta property=\"og:site_name\" content=\"bc\u2074ai\" \/>\n<meta property=\"article:modified_time\" content=\"2025-08-15T09:44:09+00:00\" \/>\n<meta property=\"og:image\" content=\"https:\/\/bc4.ai\/wp-content\/uploads\/2025\/03\/decoration-1.svg\" \/>\n<meta name=\"twitter:card\" content=\"summary_large_image\" \/>\n<meta name=\"twitter:label1\" content=\"Est. reading time\" \/>\n\t<meta name=\"twitter:data1\" content=\"2 minutes\" \/>\n<script type=\"application\/ld+json\" class=\"yoast-schema-graph\">{\"@context\":\"https:\\\/\\\/schema.org\",\"@graph\":[{\"@type\":\"WebPage\",\"@id\":\"https:\\\/\\\/bc4.ai\\\/contact\\\/\",\"url\":\"https:\\\/\\\/bc4.ai\\\/contact\\\/\",\"name\":\"Kontakt - bc\u2074ai\",\"isPartOf\":{\"@id\":\"https:\\\/\\\/bc4.ai\\\/#website\"},\"primaryImageOfPage\":{\"@id\":\"https:\\\/\\\/bc4.ai\\\/contact\\\/#primaryimage\"},\"image\":{\"@id\":\"https:\\\/\\\/bc4.ai\\\/contact\\\/#primaryimage\"},\"thumbnailUrl\":\"https:\\\/\\\/bc4.ai\\\/wp-content\\\/uploads\\\/2025\\\/03\\\/decoration-1.svg\",\"datePublished\":\"2025-03-04T09:14:56+00:00\",\"dateModified\":\"2025-08-15T09:44:09+00:00\",\"breadcrumb\":{\"@id\":\"https:\\\/\\\/bc4.ai\\\/contact\\\/#breadcrumb\"},\"inLanguage\":\"en-US\",\"potentialAction\":[{\"@type\":\"ReadAction\",\"target\":[\"https:\\\/\\\/bc4.ai\\\/contact\\\/\"]}]},{\"@type\":\"ImageObject\",\"inLanguage\":\"en-US\",\"@id\":\"https:\\\/\\\/bc4.ai\\\/contact\\\/#primaryimage\",\"url\":\"https:\\\/\\\/bc4.ai\\\/wp-content\\\/uploads\\\/2025\\\/03\\\/decoration-1.svg\",\"contentUrl\":\"https:\\\/\\\/bc4.ai\\\/wp-content\\\/uploads\\\/2025\\\/03\\\/decoration-1.svg\"},{\"@type\":\"BreadcrumbList\",\"@id\":\"https:\\\/\\\/bc4.ai\\\/contact\\\/#breadcrumb\",\"itemListElement\":[{\"@type\":\"ListItem\",\"position\":1,\"name\":\"Home\",\"item\":\"https:\\\/\\\/bc4.ai\\\/\"},{\"@type\":\"ListItem\",\"position\":2,\"name\":\"Kontakt\"}]},{\"@type\":\"WebSite\",\"@id\":\"https:\\\/\\\/bc4.ai\\\/#website\",\"url\":\"https:\\\/\\\/bc4.ai\\\/\",\"name\":\"bc\u2074ai\",\"description\":\"Business-Consulting 4 AI\",\"publisher\":{\"@id\":\"https:\\\/\\\/bc4.ai\\\/#organization\"},\"potentialAction\":[{\"@type\":\"SearchAction\",\"target\":{\"@type\":\"EntryPoint\",\"urlTemplate\":\"https:\\\/\\\/bc4.ai\\\/?s={search_term_string}\"},\"query-input\":{\"@type\":\"PropertyValueSpecification\",\"valueRequired\":true,\"valueName\":\"search_term_string\"}}],\"inLanguage\":\"en-US\"},{\"@type\":\"Organization\",\"@id\":\"https:\\\/\\\/bc4.ai\\\/#organization\",\"name\":\"bc\u2074ai\",\"url\":\"https:\\\/\\\/bc4.ai\\\/\",\"logo\":{\"@type\":\"ImageObject\",\"inLanguage\":\"en-US\",\"@id\":\"https:\\\/\\\/bc4.ai\\\/#\\\/schema\\\/logo\\\/image\\\/\",\"url\":\"https:\\\/\\\/bc4.ai\\\/wp-content\\\/uploads\\\/2024\\\/04\\\/962CBE5F-A5D0-4C04-8A2A-CF2A0CA2DBB3.png\",\"contentUrl\":\"https:\\\/\\\/bc4.ai\\\/wp-content\\\/uploads\\\/2024\\\/04\\\/962CBE5F-A5D0-4C04-8A2A-CF2A0CA2DBB3.png\",\"width\":3470,\"height\":3457,\"caption\":\"bc\u2074ai\"},\"image\":{\"@id\":\"https:\\\/\\\/bc4.ai\\\/#\\\/schema\\\/logo\\\/image\\\/\"},\"sameAs\":[\"https:\\\/\\\/www.linkedin.com\\\/company\\\/bc-ai-business-consulting\\\/about\\\/\"]}]}<\/script>\n<!-- \/ Yoast SEO plugin. -->","yoast_head_json":{"title":"Kontakt - bc\u2074ai","robots":{"index":"index","follow":"follow","max-snippet":"max-snippet:-1","max-image-preview":"max-image-preview:large","max-video-preview":"max-video-preview:-1"},"canonical":"https:\/\/bc4.ai\/en\/contact\/","og_locale":"en_US","og_type":"article","og_title":"Kontakt - bc\u2074ai","og_url":"https:\/\/bc4.ai\/en\/contact\/","og_site_name":"bc\u2074ai","article_modified_time":"2025-08-15T09:44:09+00:00","og_image":[{"url":"https:\/\/bc4.ai\/wp-content\/uploads\/2025\/03\/decoration-1.svg","type":"","width":"","height":""}],"twitter_card":"summary_large_image","twitter_misc":{"Est. reading time":"2 minutes"},"schema":{"@context":"https:\/\/schema.org","@graph":[{"@type":"WebPage","@id":"https:\/\/bc4.ai\/contact\/","url":"https:\/\/bc4.ai\/contact\/","name":"Kontakt - bc\u2074ai","isPartOf":{"@id":"https:\/\/bc4.ai\/#website"},"primaryImageOfPage":{"@id":"https:\/\/bc4.ai\/contact\/#primaryimage"},"image":{"@id":"https:\/\/bc4.ai\/contact\/#primaryimage"},"thumbnailUrl":"https:\/\/bc4.ai\/wp-content\/uploads\/2025\/03\/decoration-1.svg","datePublished":"2025-03-04T09:14:56+00:00","dateModified":"2025-08-15T09:44:09+00:00","breadcrumb":{"@id":"https:\/\/bc4.ai\/contact\/#breadcrumb"},"inLanguage":"en-US","potentialAction":[{"@type":"ReadAction","target":["https:\/\/bc4.ai\/contact\/"]}]},{"@type":"ImageObject","inLanguage":"en-US","@id":"https:\/\/bc4.ai\/contact\/#primaryimage","url":"https:\/\/bc4.ai\/wp-content\/uploads\/2025\/03\/decoration-1.svg","contentUrl":"https:\/\/bc4.ai\/wp-content\/uploads\/2025\/03\/decoration-1.svg"},{"@type":"BreadcrumbList","@id":"https:\/\/bc4.ai\/contact\/#breadcrumb","itemListElement":[{"@type":"ListItem","position":1,"name":"Home","item":"https:\/\/bc4.ai\/"},{"@type":"ListItem","position":2,"name":"Kontakt"}]},{"@type":"WebSite","@id":"https:\/\/bc4.ai\/#website","url":"https:\/\/bc4.ai\/","name":"bc\u2074ai","description":"Business-Consulting 4 AI","publisher":{"@id":"https:\/\/bc4.ai\/#organization"},"potentialAction":[{"@type":"SearchAction","target":{"@type":"EntryPoint","urlTemplate":"https:\/\/bc4.ai\/?s={search_term_string}"},"query-input":{"@type":"PropertyValueSpecification","valueRequired":true,"valueName":"search_term_string"}}],"inLanguage":"en-US"},{"@type":"Organization","@id":"https:\/\/bc4.ai\/#organization","name":"bc\u2074ai","url":"https:\/\/bc4.ai\/","logo":{"@type":"ImageObject","inLanguage":"en-US","@id":"https:\/\/bc4.ai\/#\/schema\/logo\/image\/","url":"https:\/\/bc4.ai\/wp-content\/uploads\/2024\/04\/962CBE5F-A5D0-4C04-8A2A-CF2A0CA2DBB3.png","contentUrl":"https:\/\/bc4.ai\/wp-content\/uploads\/2024\/04\/962CBE5F-A5D0-4C04-8A2A-CF2A0CA2DBB3.png","width":3470,"height":3457,"caption":"bc\u2074ai"},"image":{"@id":"https:\/\/bc4.ai\/#\/schema\/logo\/image\/"},"sameAs":["https:\/\/www.linkedin.com\/company\/bc-ai-business-consulting\/about\/"]}]}},"_links":{"self":[{"href":"https:\/\/bc4.ai\/en\/wp-json\/wp\/v2\/pages\/789","targetHints":{"allow":["GET"]}}],"collection":[{"href":"https:\/\/bc4.ai\/en\/wp-json\/wp\/v2\/pages"}],"about":[{"href":"https:\/\/bc4.ai\/en\/wp-json\/wp\/v2\/types\/page"}],"author":[{"embeddable":true,"href":"https:\/\/bc4.ai\/en\/wp-json\/wp\/v2\/users\/1"}],"replies":[{"embeddable":true,"href":"https:\/\/bc4.ai\/en\/wp-json\/wp\/v2\/comments?post=789"}],"version-history":[{"count":2,"href":"https:\/\/bc4.ai\/en\/wp-json\/wp\/v2\/pages\/789\/revisions"}],"predecessor-version":[{"id":1020,"href":"https:\/\/bc4.ai\/en\/wp-json\/wp\/v2\/pages\/789\/revisions\/1020"}],"wp:attachment":[{"href":"https:\/\/bc4.ai\/en\/wp-json\/wp\/v2\/media?parent=789"}],"curies":[{"name":"wp","href":"https:\/\/api.w.org\/{rel}","templated":true}]}}